{"id":58,"date":"2019-08-30T08:40:14","date_gmt":"2019-08-30T08:40:14","guid":{"rendered":"https:\/\/snow-hill.com\/?page_id=58"},"modified":"2019-08-30T11:32:58","modified_gmt":"2019-08-30T11:32:58","slug":"about-us","status":"publish","type":"page","link":"https:\/\/snow-hill.com\/fr\/about-us\/","title":{"rendered":"About Us"},"content":{"rendered":"<div data-elementor-type=\"wp-post\" data-elementor-id=\"58\" class=\"elementor elementor-58\" data-elementor-settings=\"[]\">\n\t\t\t<div class=\"elementor-inner\">\n\t\t\t\t<div class=\"elementor-section-wrap\">\n\t\t\t\t\t\t\t<section class=\"elementor-element elementor-element-20a3b1bb elementor-section-full_width elementor-section-height-full elementor-section-items-stretch elementor-section-content-middle elementor-section-height-default elementor-section elementor-top-section\" data-id=\"20a3b1bb\" data-element_type=\"section\" data-settings=\"{&quot;background_background&quot;:&quot;classic&quot;}\">\n\t\t\t\t\t\t<div class=\"elementor-container elementor-column-gap-no\">\n\t\t\t\t<div class=\"elementor-row\">\n\t\t\t\t<div class=\"elementor-element elementor-element-6b3ace76 elementor-column elementor-col-100 elementor-top-column\" data-id=\"6b3ace76\" data-element_type=\"column\">\n\t\t\t<div class=\"elementor-column-wrap  elementor-element-populated\">\n\t\t\t\t\t<div class=\"elementor-widget-wrap\">\n\t\t\t\t<div class=\"elementor-element elementor-element-26f0898e elementor-widget elementor-widget-jet-slider\" data-id=\"26f0898e\" data-element_type=\"widget\" data-widget_type=\"jet-slider.default\">\n\t\t\t\t<div class=\"elementor-widget-container\">\n\t\t\t<div class=\"elementor-jet-slider jet-elements\">\n<div class=\"jet-slider jet-slider__image-exact\" data-settings='{\"sliderWidth\":{\"unit\":\"%\",\"size\":100,\"sizes\":[]},\"sliderHeight\":{\"unit\":\"vh\",\"size\":100,\"sizes\":[]},\"sliderHeightTablet\":{\"unit\":\"px\",\"size\":\"\",\"sizes\":[]},\"sliderHeightMobile\":{\"unit\":\"px\",\"size\":\"\",\"sizes\":[]},\"sliderNavigation\":true,\"sliderNavigationIcon\":\"jet-slider__arrow-icon-26f0898e\",\"sliderNaviOnHover\":false,\"sliderPagination\":false,\"sliderAutoplay\":true,\"sliderAutoplayDelay\":5000,\"sliderAutoplayOnHover\":\"pause\",\"sliderFullScreen\":false,\"sliderFullscreenIcon\":\"jet-slider__fullscreen-icon-26f0898e\",\"sliderShuffle\":false,\"sliderLoop\":true,\"sliderFadeMode\":false,\"slideDistance\":{\"unit\":\"px\",\"size\":10,\"sizes\":[]},\"slideDuration\":500,\"imageScaleMode\":\"exact\",\"thumbnails\":false,\"thumbnailWidth\":120,\"thumbnailWidthTablet\":\"\",\"thumbnailWidthMobile\":\"\",\"thumbnailHeight\":80,\"thumbnailHeightTablet\":\"\",\"thumbnailHeightMobile\":\"\",\"rightToLeft\":false}'>\n\t\n<div class=\"slider-pro\"><div class=\"jet-slider__arrow-icon-26f0898e hidden-html\"><i aria-hidden=\"true\" class=\"fas fa-angle-left\"><\/i><\/div><div class=\"jet-slider__fullscreen-icon-26f0898e hidden-html\"><\/div><div class=\"jet-slider__items sp-slides\">\n\n<div class=\"jet-slider__item sp-slide\"><img class=\"sp-image\" src=\"https:\/\/snow-hill.com\/wp-content\/uploads\/2019\/08\/Home_01.jpg\" alt=\"Home_01\"><div class=\"jet-slider__content sp-layer\" data-position=\"centerCenter\" data-width=\"100%\" data-height=\"100%\" data-horizontal=\"0%\" data-show-transition=\"up\" data-show-duration=\"400\" data-show-delay=\"400\">\n\t\t<div class=\"jet-slider__content-item\">\n\t\t\t<div class=\"jet-slider__content-inner\"><div class=\"jet-slider__desc\">Le b\u00e2timent spectaculaire est am\u00e9nag\u00e9 sur 4 \u00e9tages dont une piscine d'architecture, une plate-forme de la piscine et le toit. Les cantilevers sont en mesure d'\u00e9tendre la maison sur le terrain escarp\u00e9.<\/div>\n\t\t\t\t\t\t<div class=\"jet-slider__button-wrapper\">\t\t\t\t\t\t<\/div><\/div>\n\t\t<\/div>\n\t<\/div>\n<\/div>\n\n<div class=\"jet-slider__item sp-slide\"><img class=\"sp-image\" src=\"https:\/\/snow-hill.com\/wp-content\/uploads\/2019\/08\/HomePage-01.jpg\" alt=\"HomePage-01\"><div class=\"jet-slider__content sp-layer\" data-position=\"centerCenter\" data-width=\"100%\" data-height=\"100%\" data-horizontal=\"0%\" data-show-transition=\"up\" data-show-duration=\"400\" data-show-delay=\"400\">\n\t\t<div class=\"jet-slider__content-item\">\n\t\t\t<div class=\"jet-slider__content-inner\"><div class=\"jet-slider__desc\">La maison Skylone est con\u00e7u sur le plan conceptuel comme un b\u00e9ton \u00ab jet\u00e9e \u00bb faisant saillie au-dessus d'un site tr\u00e8s escarp\u00e9 surplombant l'oc\u00e9an Pacifique.<\/div>\n\t\t\t\t\t\t<div class=\"jet-slider__button-wrapper\">\t\t\t\t\t\t<\/div><\/div>\n\t\t<\/div>\n\t<\/div>\n<\/div>\n\n<div class=\"jet-slider__item sp-slide\"><img class=\"sp-image\" src=\"https:\/\/snow-hill.com\/wp-content\/uploads\/2019\/08\/villa-lupo-aspen-home.jpg\" alt=\"villa-lupo-aspen-home\"><div class=\"jet-slider__content sp-layer\" data-position=\"centerCenter\" data-width=\"100%\" data-height=\"100%\" data-horizontal=\"0%\" data-show-transition=\"up\" data-show-duration=\"400\" data-show-delay=\"400\">\n\t\t<div class=\"jet-slider__content-item\">\n\t\t\t<div class=\"jet-slider__content-inner\"><div class=\"jet-slider__desc\">La Villa Lupo est une magnifique demeure au design contemporain sur un emplacement exceptionnel premier dans le Colorado, avec juste un court trajet en voiture \u00e0 Aspen.\n\n \n\n<\/div>\n\t\t\t\t\t\t<div class=\"jet-slider__button-wrapper\">\t\t\t\t\t\t<\/div><\/div>\n\t\t<\/div>\n\t<\/div>\n<\/div>\n\n<\/div>\n<\/div>\n<\/div>\n<\/div>\t\t<\/div>\n\t\t\t\t<\/div>\n\t\t\t\t\t\t<\/div>\n\t\t\t<\/div>\n\t\t<\/div>\n\t\t\t\t\t\t<\/div>\n\t\t\t<\/div>\n\t\t<\/section>\n\t\t\t\t<section class=\"elementor-element elementor-element-ea53e59 elementor-section-boxed elementor-section-height-default elementor-section-height-default elementor-section elementor-top-section\" data-id=\"ea53e59\" data-element_type=\"section\">\n\t\t\t\t\t\t<div class=\"elementor-container elementor-column-gap-default\">\n\t\t\t\t<div class=\"elementor-row\">\n\t\t\t\t<div class=\"elementor-element elementor-element-5ee35e22 elementor-column elementor-col-100 elementor-top-column\" data-id=\"5ee35e22\" data-element_type=\"column\">\n\t\t\t<div class=\"elementor-column-wrap  elementor-element-populated\">\n\t\t\t\t\t<div class=\"elementor-widget-wrap\">\n\t\t\t\t<div class=\"elementor-element elementor-element-7de94a08 elementor-widget elementor-widget-text-editor\" data-id=\"7de94a08\" data-element_type=\"widget\" data-widget_type=\"text-editor.default\">\n\t\t\t\t<div class=\"elementor-widget-container\">\n\t\t\t\t\t<div class=\"elementor-text-editor elementor-clearfix\"><p>Nous sommes un promoteur immobilier dans le monde entier se concentrant sur l'exploitation des projets exceptionnels dans des lieux uniques. Tout ce que nous cr\u00e9ons et construire devrait \u00eatre le meilleur de l'architecture, la qualit\u00e9 et l'innovation pour obtenir le plus de joie, l'enthousiasme et le plaisir.<\/p><p>\u00a0<\/p><p>Nos projets se caract\u00e9risent par concept novateur, l'architecture contemporaine et unique, la construction de haute qualit\u00e9, des plans d'\u00e9tage modernes et lumineux ainsi qu'un design exceptionnel et int\u00e9rieur esth\u00e9tique int\u00e9grant les derni\u00e8res technologies et la plus durable.<\/p><\/div>\n\t\t\t\t<\/div>\n\t\t\t\t<\/div>\n\t\t\t\t\t\t<\/div>\n\t\t\t<\/div>\n\t\t<\/div>\n\t\t\t\t\t\t<\/div>\n\t\t\t<\/div>\n\t\t<\/section>\n\t\t\t\t<section class=\"elementor-element elementor-element-5f179b5e elementor-section-full_width elementor-section-height-default elementor-section-height-default elementor-section elementor-top-section\" data-id=\"5f179b5e\" data-element_type=\"section\">\n\t\t\t\t\t\t<div class=\"elementor-container elementor-column-gap-narrow\">\n\t\t\t\t<div class=\"elementor-row\">\n\t\t\t\t<div class=\"elementor-element elementor-element-51beb86a elementor-column elementor-col-100 elementor-top-column\" data-id=\"51beb86a\" data-element_type=\"column\">\n\t\t\t<div class=\"elementor-column-wrap  elementor-element-populated\">\n\t\t\t\t\t<div class=\"elementor-widget-wrap\">\n\t\t\t\t<div class=\"elementor-element elementor-element-58b11a34 elementor-widget elementor-widget-jet-images-layout\" data-id=\"58b11a34\" data-element_type=\"widget\" data-widget_type=\"jet-images-layout.default\">\n\t\t\t\t<div class=\"elementor-widget-container\">\n\t\t\t<div class=\"elementor-jet-images-layout jet-elements\">\n<div class=\"jet-images-layout layout-type-grid\" data-settings='{\"layoutType\":\"grid\",\"columns\":3,\"columnsTablet\":\"\",\"columnsMobile\":\"\",\"justifyHeight\":300}'>\n\t<div class=\"jet-images-layout__list col-row disable-cols-gap disable-rows-gap column-desktop-3 column-tablet-2 column-mobile-1\" >\n<div class=\"jet-images-layout__item col-desk-3\">\n\t<div class=\"jet-images-layout__inner\">\n\t\t<div class=\"jet-images-layout__image-loader\"><span><\/span><\/div>\n\t\t<a class=\"jet-images-layout__link\" href=\"https:\/\/hollywoodhouse.com\/\" target=\"_blank\" rel=\"\">\n\t\t\t<div class=\"jet-images-layout__image\">\n\t\t\t\t<img class=\"jet-images-layout__image-instance\" src=\"https:\/\/snow-hill.com\/wp-content\/uploads\/2019\/08\/Home_01.jpg\" alt=\"Home_01\">\t\t\t<\/div>\n\t\t\t<div class=\"jet-images-layout__content\"><div class=\"jet-images-layout__icon\"><div class=\"jet-images-layout-icon-inner\"><i aria-hidden=\"true\" class=\"fas fa-search-plus\"><\/i><\/div><\/div><h5 class=\"jet-images-layout__title\">Hollywood House<\/h5><\/div>\n\t\t<\/a>\n\t<\/div>\n<\/div>\n<div class=\"jet-images-layout__item col-desk-3\">\n\t<div class=\"jet-images-layout__inner\">\n\t\t<div class=\"jet-images-layout__image-loader\"><span><\/span><\/div>\n\t\t<a class=\"jet-images-layout__link\" href=\"https:\/\/skylonehouse.com\/\" target=\"_blank\" rel=\"\">\n\t\t\t<div class=\"jet-images-layout__image\">\n\t\t\t\t<img class=\"jet-images-layout__image-instance\" src=\"https:\/\/snow-hill.com\/wp-content\/uploads\/2019\/08\/HomePage-01.jpg\" alt=\"HomePage-01\">\t\t\t<\/div>\n\t\t\t<div class=\"jet-images-layout__content\"><div class=\"jet-images-layout__icon\"><div class=\"jet-images-layout-icon-inner\"><i aria-hidden=\"true\" class=\"fas fa-search-plus\"><\/i><\/div><\/div><h5 class=\"jet-images-layout__title\">Skylon House<\/h5><\/div>\n\t\t<\/a>\n\t<\/div>\n<\/div>\n<div class=\"jet-images-layout__item col-desk-3\">\n\t<div class=\"jet-images-layout__inner\">\n\t\t<div class=\"jet-images-layout__image-loader\"><span><\/span><\/div>\n\t\t<a class=\"jet-images-layout__link\" href=\"https:\/\/villalupo.com\/\" target=\"_blank\" rel=\"\">\n\t\t\t<div class=\"jet-images-layout__image\">\n\t\t\t\t<img class=\"jet-images-layout__image-instance\" src=\"https:\/\/snow-hill.com\/wp-content\/uploads\/2019\/08\/villa-lupo-aspen-home.jpg\" alt=\"villa-lupo-aspen-home\">\t\t\t<\/div>\n\t\t\t<div class=\"jet-images-layout__content\"><div class=\"jet-images-layout__icon\"><div class=\"jet-images-layout-icon-inner\"><i aria-hidden=\"true\" class=\"fas fa-search-plus\"><\/i><\/div><\/div><h5 class=\"jet-images-layout__title\">Villa Lupo<\/h5><\/div>\n\t\t<\/a>\n\t<\/div>\n<\/div>\n<\/div><\/div>\n<\/div>\t\t<\/div>\n\t\t\t\t<\/div>\n\t\t\t\t\t\t<\/div>\n\t\t\t<\/div>\n\t\t<\/div>\n\t\t\t\t\t\t<\/div>\n\t\t\t<\/div>\n\t\t<\/section>\n\t\t\t\t<section class=\"elementor-element elementor-element-3ef1d09a elementor-section-height-min-height elementor-section-boxed elementor-section-height-default elementor-section-items-middle elementor-section elementor-top-section\" data-id=\"3ef1d09a\" data-element_type=\"section\" data-settings=\"{&quot;background_background&quot;:&quot;classic&quot;}\">\n\t\t\t\t\t\t<div class=\"elementor-container elementor-column-gap-no\">\n\t\t\t\t<div class=\"elementor-row\">\n\t\t\t\t<div class=\"elementor-element elementor-element-4027c8b7 elementor-column elementor-col-100 elementor-top-column\" data-id=\"4027c8b7\" data-element_type=\"column\" data-settings=\"{&quot;background_background&quot;:&quot;classic&quot;}\">\n\t\t\t<div class=\"elementor-column-wrap  elementor-element-populated\">\n\t\t\t\t\t<div class=\"elementor-widget-wrap\">\n\t\t\t\t<div class=\"elementor-element elementor-element-5e590fa6 elementor-widget elementor-widget-heading\" data-id=\"5e590fa6\" data-element_type=\"widget\" data-widget_type=\"heading.default\">\n\t\t\t\t<div class=\"elementor-widget-container\">\n\t\t\t<h1 class=\"elementor-heading-title elementor-size-default\">Hollywood House<\/h1>\t\t<\/div>\n\t\t\t\t<\/div>\n\t\t\t\t<div class=\"elementor-element elementor-element-4a6e2ac9 elementor-widget elementor-widget-text-editor\" data-id=\"4a6e2ac9\" data-element_type=\"widget\" data-widget_type=\"text-editor.default\">\n\t\t\t\t<div class=\"elementor-widget-container\">\n\t\t\t\t\t<div class=\"elementor-text-editor elementor-clearfix\">Le b\u00e2timent spectaculaire est am\u00e9nag\u00e9 sur 4 \u00e9tages dont une piscine d'architecture, une plate-forme de la piscine et le toit. Les cantilevers sont en mesure d'\u00e9tendre la maison sur le terrain escarp\u00e9.<\/div>\n\t\t\t\t<\/div>\n\t\t\t\t<\/div>\n\t\t\t\t\t\t<\/div>\n\t\t\t<\/div>\n\t\t<\/div>\n\t\t\t\t\t\t<\/div>\n\t\t\t<\/div>\n\t\t<\/section>\n\t\t\t\t<section class=\"elementor-element elementor-element-2dce337e elementor-section-height-min-height elementor-section-boxed elementor-section-height-default elementor-section-items-middle elementor-section elementor-top-section\" data-id=\"2dce337e\" data-element_type=\"section\" data-settings=\"{&quot;background_background&quot;:&quot;classic&quot;}\">\n\t\t\t\t\t\t<div class=\"elementor-container elementor-column-gap-no\">\n\t\t\t\t<div class=\"elementor-row\">\n\t\t\t\t<div class=\"elementor-element elementor-element-2588635d elementor-column elementor-col-100 elementor-top-column\" data-id=\"2588635d\" data-element_type=\"column\" data-settings=\"{&quot;background_background&quot;:&quot;classic&quot;}\">\n\t\t\t<div class=\"elementor-column-wrap  elementor-element-populated\">\n\t\t\t\t\t<div class=\"elementor-widget-wrap\">\n\t\t\t\t<div class=\"elementor-element elementor-element-2cd4accb elementor-widget elementor-widget-heading\" data-id=\"2cd4accb\" data-element_type=\"widget\" data-widget_type=\"heading.default\">\n\t\t\t\t<div class=\"elementor-widget-container\">\n\t\t\t<h1 class=\"elementor-heading-title elementor-size-default\">Skylon house<\/h1>\t\t<\/div>\n\t\t\t\t<\/div>\n\t\t\t\t<div class=\"elementor-element elementor-element-578fef39 elementor-widget elementor-widget-text-editor\" data-id=\"578fef39\" data-element_type=\"widget\" data-widget_type=\"text-editor.default\">\n\t\t\t\t<div class=\"elementor-widget-container\">\n\t\t\t\t\t<div class=\"elementor-text-editor elementor-clearfix\"><p>La maison Skylone est con\u00e7u sur le plan conceptuel comme un b\u00e9ton \u00ab jet\u00e9e \u00bb faisant saillie au-dessus d'un site tr\u00e8s escarp\u00e9 surplombant l'oc\u00e9an Pacifique.<\/p><\/div>\n\t\t\t\t<\/div>\n\t\t\t\t<\/div>\n\t\t\t\t\t\t<\/div>\n\t\t\t<\/div>\n\t\t<\/div>\n\t\t\t\t\t\t<\/div>\n\t\t\t<\/div>\n\t\t<\/section>\n\t\t\t\t<section class=\"elementor-element elementor-element-5a691630 elementor-section-height-min-height elementor-section-boxed elementor-section-height-default elementor-section-items-middle elementor-section elementor-top-section\" data-id=\"5a691630\" data-element_type=\"section\" data-settings=\"{&quot;background_background&quot;:&quot;classic&quot;}\">\n\t\t\t\t\t\t<div class=\"elementor-container elementor-column-gap-no\">\n\t\t\t\t<div class=\"elementor-row\">\n\t\t\t\t<div class=\"elementor-element elementor-element-153e096f elementor-column elementor-col-100 elementor-top-column\" data-id=\"153e096f\" data-element_type=\"column\" data-settings=\"{&quot;background_background&quot;:&quot;classic&quot;}\">\n\t\t\t<div class=\"elementor-column-wrap  elementor-element-populated\">\n\t\t\t\t\t<div class=\"elementor-widget-wrap\">\n\t\t\t\t<div class=\"elementor-element elementor-element-4a799751 elementor-widget elementor-widget-heading\" data-id=\"4a799751\" data-element_type=\"widget\" data-widget_type=\"heading.default\">\n\t\t\t\t<div class=\"elementor-widget-container\">\n\t\t\t<h1 class=\"elementor-heading-title elementor-size-default\">Villa Lupo<\/h1>\t\t<\/div>\n\t\t\t\t<\/div>\n\t\t\t\t<div class=\"elementor-element elementor-element-382ae67e elementor-widget elementor-widget-text-editor\" data-id=\"382ae67e\" data-element_type=\"widget\" data-widget_type=\"text-editor.default\">\n\t\t\t\t<div class=\"elementor-widget-container\">\n\t\t\t\t\t<div class=\"elementor-text-editor elementor-clearfix\">La Villa Lupo est une magnifique demeure au design contemporain sur un emplacement exceptionnel premier dans le Colorado, avec juste un court trajet en voiture \u00e0 Aspen.\n\n <\/div>\n\t\t\t\t<\/div>\n\t\t\t\t<\/div>\n\t\t\t\t\t\t<\/div>\n\t\t\t<\/div>\n\t\t<\/div>\n\t\t\t\t\t\t<\/div>\n\t\t\t<\/div>\n\t\t<\/section>\n\t\t\t\t\t\t<\/div>\n\t\t\t<\/div>\n\t\t<\/div>","protected":false},"excerpt":{"rendered":"<p>The spectacular building is laid out over 4 floors including an architectural pool, a pool deck, and the rooftop. The cantilevers are able to extend the house over the steep terrain. The Skylone House is designed conceptually as a concrete \u201cpier\u201d projecting out above a very steep site overlooking the Pacific Ocean. The Villa Lupo [&hellip;]<\/p>","protected":false},"author":1,"featured_media":0,"parent":0,"menu_order":0,"comment_status":"closed","ping_status":"closed","template":"page-nav-transparent.php","meta":[],"_links":{"self":[{"href":"https:\/\/snow-hill.com\/fr\/wp-json\/wp\/v2\/pages\/58"}],"collection":[{"href":"https:\/\/snow-hill.com\/fr\/wp-json\/wp\/v2\/pages"}],"about":[{"href":"https:\/\/snow-hill.com\/fr\/wp-json\/wp\/v2\/types\/page"}],"author":[{"embeddable":true,"href":"https:\/\/snow-hill.com\/fr\/wp-json\/wp\/v2\/users\/1"}],"replies":[{"embeddable":true,"href":"https:\/\/snow-hill.com\/fr\/wp-json\/wp\/v2\/comments?post=58"}],"version-history":[{"count":10,"href":"https:\/\/snow-hill.com\/fr\/wp-json\/wp\/v2\/pages\/58\/revisions"}],"predecessor-version":[{"id":163,"href":"https:\/\/snow-hill.com\/fr\/wp-json\/wp\/v2\/pages\/58\/revisions\/163"}],"wp:attachment":[{"href":"https:\/\/snow-hill.com\/fr\/wp-json\/wp\/v2\/media?parent=58"}],"curies":[{"name":"wp","href":"https:\/\/api.w.org\/{rel}","templated":true}]}}